{"id":181,"date":"2024-11-22T13:52:49","date_gmt":"2024-11-22T12:52:49","guid":{"rendered":"https:\/\/www.mr1.rw.fau.de\/?page_id=181"},"modified":"2026-02-03T11:21:18","modified_gmt":"2026-02-03T10:21:18","slug":"herzlich-willkommen","status":"publish","type":"page","link":"https:\/\/www.mr1.rw.fau.de\/","title":{"rendered":"Willkommen"},"content":{"rendered":"\n<div class=\"wp-block-columns alignwide hero-chair-cooperation is-layout-flex wp-container-core-columns-is-layout-28f84493 wp-block-columns-is-layout-flex\">\n<div class=\"wp-block-column hero-chair-content-wrapper is-layout-flow wp-block-column-is-layout-flow\">\n<div class=\"wp-block-column hero-chair-content is-layout-flow wp-block-column-is-layout-flow\">\n<h1 class=\"wp-block-heading\">Lehrstuhl f\u00fcr Human Rights Law (Alexander von Humboldt Professur)<\/h1>\n\n\n\n<div class=\"wp-block-group hero-mobile-optional is-layout-flow wp-block-group-is-layout-flow\">\n<p class=\"hero-text\"><\/p>\n<\/div>\n<\/div>\n<\/div>\n\n\n\n<div class=\"wp-block-column hero-chair-bg-left is-layout-flow wp-block-column-is-layout-flow\"><\/div>\n\n\n\n<div class=\"wp-block-column hero-chair-bg-right is-layout-flow wp-block-column-is-layout-flow\">\n<div class=\"wp-block-cover is-light is-dark-theme\"><img loading=\"lazy\" decoding=\"async\" class=\"wp-block-cover__image-background wp-image-427 size-large\" alt=\"Picture of Schillerstra\u00dfe 29\" src=\"https:\/\/www.mr1.rw.fau.de\/files\/2024\/12\/20241205_111150-1024x768.jpeg\" style=\"object-position:66% 57%\" data-object-fit=\"cover\" data-object-position=\"66% 57%\" srcset=\"https:\/\/www.mr1.rw.fau.de\/files\/2024\/12\/20241205_111150-1024x768.jpeg 1024w, https:\/\/www.mr1.rw.fau.de\/files\/2024\/12\/20241205_111150-300x225.jpeg 300w, https:\/\/www.mr1.rw.fau.de\/files\/2024\/12\/20241205_111150-768x576.jpeg 768w, https:\/\/www.mr1.rw.fau.de\/files\/2024\/12\/20241205_111150-1536x1152.jpeg 1536w, https:\/\/www.mr1.rw.fau.de\/files\/2024\/12\/20241205_111150-2048x1536.jpeg 2048w, https:\/\/www.mr1.rw.fau.de\/files\/2024\/12\/20241205_111150-140x105.jpeg 140w, https:\/\/www.mr1.rw.fau.de\/files\/2024\/12\/20241205_111150-320x240.jpeg 320w, https:\/\/www.mr1.rw.fau.de\/files\/2024\/12\/20241205_111150-427x320.jpeg 427w, https:\/\/www.mr1.rw.fau.de\/files\/2024\/12\/20241205_111150-627x470.jpeg 627w\" \/><span aria-hidden=\"true\" class=\"wp-block-cover__background has-background-dim-0 has-background-dim\" style=\"background-color:#888b97\"><\/span><div class=\"wp-block-cover__inner-container is-layout-flow wp-block-cover-is-layout-flow\">\n<p class=\"has-text-align-center hideParagraph has-large-font-size\"><\/p>\n<\/div><\/div>\n<\/div>\n<\/div>\n\n\n\n<h2 class=\"wp-block-heading\"><span style=\"font-size: 24pt\">Willkommen<\/span><\/h2>\n\n\n\n<p>Der Lehrstuhl f\u00fcr Human Rights Law an der FAU Erlangen-N\u00fcrnberg wurde im August 2024 mit gro\u00dfz\u00fcgiger F\u00f6rderung durch die Alexander von Humboldt-Stiftung eingerichtet. Er wird derzeit von Eva Pils gehalten. Wir sind momentan dabei, ein Team von WissenschaftlerInnen aufzubauen.<\/p>\n\n\n\n<p>Die von den Mitgliedern des Teams durchgef\u00fchrten Forschungsarbeiten werden sich mit einem breiten Spektrum an Themen und Regionen befassen, die durch ein gemeinsames Interesse an den globalen und lokalen Auswirkungen der Autokratisierung auf das Recht, die Verteidigung der Menschenrechte und der Demokratie, die rechtliche und politische Interessenvertretung und den Widerstand miteinander verbunden sind.<\/p>\n\n\n\n<p>Dieses gemeinsame Interesse und die Verbundenheit zur Interdisziplinarit\u00e4t pr\u00e4gen auch die Lehre innerhalb der Juristischen Fakult\u00e4t und im Rahmen des FAU-Masterstudiengangs Human Rights, der vom FAU Centre for Human Rights Erlangen-N\u00fcrnberg (CHREN) durchgef\u00fchrt wird.<\/p>\n\n\n<section class=\"fau-list-item wp-block-fau-elemental-fau-teaser-grid\" id=\"fau-teaser-grid-eed639b2\" aria-label=\"Inhaltsgitter\" role=\"region\" data-grid-id=\"fau-teaser-grid-eed639b2\" data-custom-block-id=\"fau-teaser-grid-eed639b2\" data-variant=\"post\" data-category=\"0\" data-tags=\"\" data-author=\"0\" data-year=\"0\" data-month=\"0\" data-day=\"0\" data-posts-per-page=\"6\" data-display-style=\"teaser-grid\" data-teaser-layout=\"3m\" data-order-by=\"date\" data-order=\"DESC\" data-heading-level=\"h4\" data-show-pagination=\"false\" data-pagination-type=\"numbers\" data-nonce=\"6f3c685303\" data-current-page=\"1\"><ul class=\"fau-teaser-grid teaser-grid layout-3m\" aria-label=\"Inhalt\" data-variant=\"post\"><li><a class=\"teaser-item-link teaser-item\" href=\"https:\/\/www.mr1.rw.fau.de\/de\/2025\/05\/21\/fau-human-rights-award-fur-professor-xu-zhangrun\/\"><article class=\"post-teaser\" data-variant=\"post\" data-href=\"https:\/\/www.mr1.rw.fau.de\/de\/2025\/05\/21\/fau-human-rights-award-fur-professor-xu-zhangrun\/\" tabindex=\"0\" role=\"button\" aria-labelledby=\"teaser-title-591\"><div class=\"teaser-image-wrapper\"><div class=\"teaser-image\"><img decoding=\"async\" src=\"https:\/\/www.mr1.rw.fau.de\/files\/2025\/05\/Bild-3.jpeg\" class=\"attachment-medium_large size-medium_large\" alt=\"FAU Human Rights Award f\u00fcr Professor Xu Zhangrun\" loading=\"lazy\" srcset=\"https:\/\/www.mr1.rw.fau.de\/files\/2025\/05\/Bild-3.jpeg 359w, https:\/\/www.mr1.rw.fau.de\/files\/2025\/05\/Bild-3-239x300.jpeg 239w, https:\/\/www.mr1.rw.fau.de\/files\/2025\/05\/Bild-3-191x240.jpeg 191w, https:\/\/www.mr1.rw.fau.de\/files\/2025\/05\/Bild-3-255x320.jpeg 255w\" \/><\/div><div class=\"teaser-meta\"><time datetime=\"2025-05-21 21:10:40\"><span class=\"date-day\">21<\/span><span class=\"date-month-year\">MAI 2025<\/span><\/time><\/div><\/div><div class=\"teaser-content-wrapper\"><div class=\"teaser-content\"><div class=\"content-column\"><span class=\"category\">News<\/span><h4 class=\"clamp-3\" id=\"teaser-title-591\">FAU Human Rights Award f\u00fcr Professor Xu Zhangrun<\/h4><div class=\"excerpt clamp-3\"><span class=\"visually-hidden\">FAU Erlangen-N\u00fcrnberg zeichnet chinesischen Rechtswissenschaftler aus Die Friedrich-Alexander-Universit\u00e4t Erlangen-N\u00fcrnberg verleiht den diesj\u00e4hrigen Human Rights Award an den chinesischen Rechtswissenschaftler, Aktivisten und ehemaligen Professor der Tsinghua-Universit\u00e4t Peking, Xu Zhangrun \u8bb8\u7ae0\u6da6. Die Preisverleihung fand in Xus Abwesenheit statt, da dieser in China unter Hausarrest steht. FAU-Vizepr\u00e4sident Prof. Dr. Andreas Hirsch legte die Preisurkunde symbolisch auf den leeren [&hellip;]<\/span><span aria-hidden=\"true\">FAU Erlangen-N\u00fcrnberg zeichnet chinesischen Rechtswissenschaftler aus Die Friedrich-Alexander-Universit\u00e4t Erlangen-N\u00fcrnberg verleiht den diesj\u00e4hrigen Human Rights Award an den chinesischen Rechtswissenschaftler, Aktivisten und ehemaligen Professor der Tsinghua-Universit\u00e4t Peking, Xu Zhangrun \u8bb8\u7ae0\u6da6. Die Preisverleihung fand in Xus Abwesenheit statt, da dieser in China unter Hausarrest steht. FAU-Vizepr\u00e4sident Prof. Dr. Andreas Hirsch legte die Preisurkunde symbolisch auf den leeren [&hellip;]<\/span><\/div><\/div><div class=\"button-teaser\"><span class=\"wp-block-button__link\"><span class=\"screen-reader-text\">Mehr lesen \u00fcber FAU Human Rights Award f\u00fcr Professor Xu Zhangrun<\/span><\/span><\/div><\/div><\/div><\/article><\/a><\/li><li><a class=\"teaser-item-link teaser-item\" href=\"https:\/\/www.mr1.rw.fau.de\/de\/2024\/12\/21\/2\/\"><article class=\"post-teaser\" data-variant=\"post\" data-href=\"https:\/\/www.mr1.rw.fau.de\/de\/2024\/12\/21\/2\/\" tabindex=\"0\" role=\"button\" aria-labelledby=\"teaser-title-474\"><div class=\"teaser-image-wrapper\"><div class=\"teaser-image\"><img decoding=\"async\" src=\"https:\/\/www.mr1.rw.fau.de\/files\/2024\/12\/IMG_5888-768x576.jpeg\" class=\"attachment-medium_large size-medium_large\" alt=\"Tag der Menschenrechte 2024 an der FAU\" loading=\"lazy\" srcset=\"https:\/\/www.mr1.rw.fau.de\/files\/2024\/12\/IMG_5888-768x576.jpeg 768w, https:\/\/www.mr1.rw.fau.de\/files\/2024\/12\/IMG_5888-300x225.jpeg 300w, https:\/\/www.mr1.rw.fau.de\/files\/2024\/12\/IMG_5888-1024x768.jpeg 1024w, https:\/\/www.mr1.rw.fau.de\/files\/2024\/12\/IMG_5888-1536x1152.jpeg 1536w, https:\/\/www.mr1.rw.fau.de\/files\/2024\/12\/IMG_5888-2048x1536.jpeg 2048w, https:\/\/www.mr1.rw.fau.de\/files\/2024\/12\/IMG_5888-140x105.jpeg 140w, https:\/\/www.mr1.rw.fau.de\/files\/2024\/12\/IMG_5888-320x240.jpeg 320w, https:\/\/www.mr1.rw.fau.de\/files\/2024\/12\/IMG_5888-427x320.jpeg 427w, https:\/\/www.mr1.rw.fau.de\/files\/2024\/12\/IMG_5888-627x470.jpeg 627w\" \/><\/div><div class=\"teaser-meta\"><time datetime=\"2024-12-21 14:40:37\"><span class=\"date-day\">21<\/span><span class=\"date-month-year\">DEZ. 2024<\/span><\/time><\/div><\/div><div class=\"teaser-content-wrapper\"><div class=\"teaser-content\"><div class=\"content-column\"><span class=\"category\">News<\/span><h4 class=\"clamp-3\" id=\"teaser-title-474\">Tag der Menschenrechte 2024 an der FAU<\/h4><div class=\"excerpt clamp-3\"><span class=\"visually-hidden\">\u201eUnsere Rechte, Unsere Zukunft, Jetzt:\u201c Feier des Tags der Menschenrechte 2024 an der FAU Am 10. Dezember 2024, anl\u00e4sslich des Tags der Menschenrechte, traten die ProfessorInnen Baranowska, Krajewski, und Pils von ihrer \u00fcblichen Lehrt\u00e4tigkeit im Kurs &#8222;Human Rights Law&#8220; zur\u00fcck und \u00fcbergaben das Zepter an die Doktorandin und Jurastudentinnen Isabel Kienzle, Jasmin Mooser und Emma [&hellip;]<\/span><span aria-hidden=\"true\">\u201eUnsere Rechte, Unsere Zukunft, Jetzt:\u201c Feier des Tags der Menschenrechte 2024 an der FAU Am 10. Dezember 2024, anl\u00e4sslich des Tags der Menschenrechte, traten die ProfessorInnen Baranowska, Krajewski, und Pils von ihrer \u00fcblichen Lehrt\u00e4tigkeit im Kurs &#8222;Human Rights Law&#8220; zur\u00fcck und \u00fcbergaben das Zepter an die Doktorandin und Jurastudentinnen Isabel Kienzle, Jasmin Mooser und Emma [&hellip;]<\/span><\/div><\/div><div class=\"button-teaser\"><span class=\"wp-block-button__link\"><span class=\"screen-reader-text\">Mehr lesen \u00fcber Tag der Menschenrechte 2024 an der FAU<\/span><\/span><\/div><\/div><\/div><\/article><\/a><\/li><li><a class=\"teaser-item-link teaser-item\" href=\"https:\/\/www.mr1.rw.fau.de\/de\/2024\/11\/22\/alexander-von-humboldt-professur\/\"><article class=\"post-teaser\" data-variant=\"post\" data-href=\"https:\/\/www.mr1.rw.fau.de\/de\/2024\/11\/22\/alexander-von-humboldt-professur\/\" tabindex=\"0\" role=\"button\" aria-labelledby=\"teaser-title-205\"><div class=\"teaser-image-wrapper\"><div class=\"teaser-image\"><img decoding=\"async\" src=\"https:\/\/www.mr1.rw.fau.de\/files\/2024\/08\/AvH-Logo.svg\" class=\"attachment-medium_large size-medium_large\" alt=\"Alexander von Humboldt-Professur\" loading=\"lazy\" \/><\/div><div class=\"teaser-meta\"><time datetime=\"2024-11-22 23:35:21\"><span class=\"date-day\">22<\/span><span class=\"date-month-year\">NOV. 2024<\/span><\/time><\/div><\/div><div class=\"teaser-content-wrapper\"><div class=\"teaser-content\"><div class=\"content-column\"><span class=\"category\">News<\/span><h4 class=\"clamp-3\" id=\"teaser-title-205\">Alexander von Humboldt-Professur<\/h4><div class=\"excerpt clamp-3\"><span class=\"visually-hidden\">Antritt der AvH-Professur Seit Sommer 2024 ist Prof. Dr. Eva Pils Humboldt-Professorin an der FAU Erlangen-N\u00fcrnberg. Gemeinsam mit der FAU Erlangen-N\u00fcrnberg plant Eva Pils den Bereich der Menschenrechte als Forschungsschwerpunkt auszubauen. Ziel ist es, das Center for Human Rights Erlangen-N\u00fcrnberg (FAU CHREN) und den Fachbereich Rechtswissenschaften europaweit als eine Top-Institution f\u00fcr Forschung und Lehre zu [&hellip;]<\/span><span aria-hidden=\"true\">Antritt der AvH-Professur Seit Sommer 2024 ist Prof. Dr. Eva Pils Humboldt-Professorin an der FAU Erlangen-N\u00fcrnberg. Gemeinsam mit der FAU Erlangen-N\u00fcrnberg plant Eva Pils den Bereich der Menschenrechte als Forschungsschwerpunkt auszubauen. Ziel ist es, das Center for Human Rights Erlangen-N\u00fcrnberg (FAU CHREN) und den Fachbereich Rechtswissenschaften europaweit als eine Top-Institution f\u00fcr Forschung und Lehre zu [&hellip;]<\/span><\/div><\/div><div class=\"button-teaser\"><span class=\"wp-block-button__link\"><span class=\"screen-reader-text\">Mehr lesen \u00fcber Alexander von Humboldt-Professur<\/span><\/span><\/div><\/div><\/div><\/article><\/a><\/li><\/ul><\/section>\n\n\n<p>&nbsp;<\/p>\n\n\n<div class=\"rrze-calendar\"><ul class=\"events-list\"><li class=\"event-item\" itemscope itemtype=\"https:\/\/schema.org\/Event\"><div class=\"event-date\"><div class=\"day-month\"><div class=\"day\">29<\/div><div class=\"month\">Apr.<\/div><\/div><\/div><div class=\"event-info\"><div class=\"event-time\">6:15 &ndash; 7:30<\/div><div class=\"event-title\" itemprop=\"name\"><a href=\"https:\/\/www.mr1.rw.fau.de\/events\/to-disclose-or-not-to-disclose-that-is-the-question-the-transparency-paradox-in-companies-compliance-with-mandatory-human-rights-due-diligence-laws\/\">\u201cTo Disclose or not to Disclose, that is the Question\u201d: The Transparency Paradox in Companies\u2019 Compliance with Mandatory Human Rights Due Diligence Laws<\/a><\/div><div class=\"event-location\">Location not specified<\/div><meta itemprop=\"startDate\" content=\"2026-04-29T04:15:00+00:00\" \/><meta itemprop=\"endDate\" content=\"2026-04-29T05:30:00+00:00\" \/><\/div><\/li><\/ul><\/div>","protected":false},"excerpt":{"rendered":"<p>Lehrstuhl f\u00fcr Human Rights Law (Alexander von Humboldt Professur) Willkommen Der Lehrstuhl f\u00fcr Human Rights Law an der FAU Erlangen-N\u00fcrnberg wurde im August 2024 mit gro\u00dfz\u00fcgiger F\u00f6rderung durch die Alexander von Humboldt-Stiftung eingerichtet. Er wird derzeit von Eva Pils gehalten. Wir sind momentan dabei, ein Team von WissenschaftlerInnen aufzubauen. Die von den Mitgliedern des Teams [&hellip;]<\/p>\n","protected":false},"author":4134,"featured_media":0,"parent":0,"menu_order":0,"comment_status":"closed","ping_status":"closed","template":"","meta":{"_rrze_cache":"enabled","_rrze_multilang_single_locale":"de_DE_formal","_rrze_multilang_single_source":"https:\/\/www.mr1.rw.fau.de\/?page_id=24","footnotes":""},"page_category":[],"page_tag":[],"class_list":["post-181","page","type-page","status-publish","hentry","de-DE-formal"],"_links":{"self":[{"href":"https:\/\/www.mr1.rw.fau.de\/wp-json\/wp\/v2\/pages\/181","targetHints":{"allow":["GET"]}}],"collection":[{"href":"https:\/\/www.mr1.rw.fau.de\/wp-json\/wp\/v2\/pages"}],"about":[{"href":"https:\/\/www.mr1.rw.fau.de\/wp-json\/wp\/v2\/types\/page"}],"author":[{"embeddable":true,"href":"https:\/\/www.mr1.rw.fau.de\/wp-json\/wp\/v2\/users\/4134"}],"replies":[{"embeddable":true,"href":"https:\/\/www.mr1.rw.fau.de\/wp-json\/wp\/v2\/comments?post=181"}],"version-history":[{"count":10,"href":"https:\/\/www.mr1.rw.fau.de\/wp-json\/wp\/v2\/pages\/181\/revisions"}],"predecessor-version":[{"id":1011,"href":"https:\/\/www.mr1.rw.fau.de\/wp-json\/wp\/v2\/pages\/181\/revisions\/1011"}],"wp:attachment":[{"href":"https:\/\/www.mr1.rw.fau.de\/wp-json\/wp\/v2\/media?parent=181"}],"wp:term":[{"taxonomy":"page_category","embeddable":true,"href":"https:\/\/www.mr1.rw.fau.de\/wp-json\/wp\/v2\/page_category?post=181"},{"taxonomy":"page_tag","embeddable":true,"href":"https:\/\/www.mr1.rw.fau.de\/wp-json\/wp\/v2\/page_tag?post=181"}],"curies":[{"name":"wp","href":"https:\/\/api.w.org\/{rel}","templated":true}]}}